{"id":3,"date":"2023-01-10T10:23:16","date_gmt":"2023-01-10T09:23:16","guid":{"rendered":"http:\/\/atlantic-thermolaquage.com\/?page_id=3"},"modified":"2023-02-14T19:20:59","modified_gmt":"2023-02-14T18:20:59","slug":"mentions-legales","status":"publish","type":"page","link":"https:\/\/www.atlantic-thermolaquage.com\/index.php\/mentions-legales\/","title":{"rendered":"Mentions L\u00e9gales"},"content":{"rendered":"\t\t<div data-elementor-type=\"wp-page\" data-elementor-id=\"3\" class=\"elementor elementor-3\">\n\t\t\t\t\t\t\t\t\t<section class=\"elementor-section elementor-top-section elementor-element elementor-element-56c57b1a elementor-section-boxed elementor-section-height-default elementor-section-height-default\" data-id=\"56c57b1a\" data-element_type=\"section\">\n\t\t\t\t\t\t<div class=\"elementor-container elementor-column-gap-default\">\n\t\t\t\t\t<div class=\"elementor-column elementor-col-100 elementor-top-column elementor-element elementor-element-16dcba5d\" data-id=\"16dcba5d\" data-element_type=\"column\">\n\t\t\t<div class=\"elementor-widget-wrap elementor-element-populated\">\n\t\t\t\t\t\t\t\t<div class=\"elementor-element elementor-element-6ed92c12 elementor-widget elementor-widget-text-editor\" data-id=\"6ed92c12\" data-element_type=\"widget\" data-widget_type=\"text-editor.default\">\n\t\t\t\t<div class=\"elementor-widget-container\">\n\t\t\t<style>\/*! elementor - v3.11.0 - 13-02-2023 *\/\n.elementor-widget-text-editor.elementor-drop-cap-view-stacked .elementor-drop-cap{background-color:#818a91;color:#fff}.elementor-widget-text-editor.elementor-drop-cap-view-framed .elementor-drop-cap{color:#818a91;border:3px solid;background-color:transparent}.elementor-widget-text-editor:not(.elementor-drop-cap-view-default) .elementor-drop-cap{margin-top:8px}.elementor-widget-text-editor:not(.elementor-drop-cap-view-default) .elementor-drop-cap-letter{width:1em;height:1em}.elementor-widget-text-editor .elementor-drop-cap{float:left;text-align:center;line-height:1;font-size:50px}.elementor-widget-text-editor .elementor-drop-cap-letter{display:inline-block}<\/style>\t\t\t\t<div><div><div><div><div><div><div><div><div><div><div><div><div><h2>Responsable de publication<\/h2><p>Le site https:\/\/www.atlantic-thermolaquage.com est \u00e9dit\u00e9 par la SAS Atlantic Thermolaquage<\/p><p>SAS au capital de 10000 \u20ac<br \/>Adresse : 188 All\u00e9e de la piste, 40230 Saint Geours de Maremne<br \/>SIREN : 917906240<br \/>Responsable de publication : Alexis Sallaberry<\/p><p>\u00a0<\/p><\/div><\/div><\/div><\/div><\/div><\/div><\/div><\/div><\/div><\/div><div><div><div><div><div><h2>Conception et r\u00e9alisation du site<\/h2><p><a href=\"https:\/\/www.digihop.fr\/\" target=\"_blank\" rel=\"noopener noreferrer\">Arnaud Mercier \u2013 Digihop, cr\u00e9ation site internetl Orthez\u00a0<\/a><\/p><h2>H\u00e9bergeur<\/h2><p>Ce site est h\u00e9berg\u00e9 par la soci\u00e9t\u00e9 OVH\u00a0<\/p><p>Le nom de domaine est h\u00e9berg\u00e9 par la soci\u00e9t\u00e9 OVH\u00a0<\/p><p>OVH SAS au capital de 10 069 020 \u20ac RCS Lille M\u00e9tropole 424 761 419 00045<\/p><p>Si\u00e8ge social : 2 rue Kellermann &#8211; 59100 Roubaix &#8211; France.<\/p><p>\u00a0<\/p><\/div><\/div><\/div><\/div><\/div><\/div><\/div><\/div><div><div><div><div><div><div><div><h2>Droits de propri\u00e9t\u00e9 intellectuelle et industrielle attach\u00e9s au site<\/h2><p>Le contenu du site\u00a0<span style=\"background-color: #1e1e1e; font-size: 15px;\">https:\/\/www.atlantic-thermolaquage.com\u00a0<\/span><span style=\"font-size: 15px;\">dans son int\u00e9gralit\u00e9 est prot\u00e9g\u00e9 au titre du droit d\u2019auteur et autres droits de propri\u00e9t\u00e9 intellectuelle. Toute copie, reproduction, repr\u00e9sentation, adaptation, diffusion, int\u00e9grale ou partielle, du contenu du site, par quelque proc\u00e9d\u00e9 que ce soit, est illicite \u00e0 l\u2019exception d\u2019une unique copie, sur un seul ordinateur et r\u00e9serv\u00e9e \u00e0 l\u2019usage exclusivement priv\u00e9 du copiste. Les \u00e9l\u00e9ments pr\u00e9sent\u00e9s dans ce site sont susceptibles de modification sans pr\u00e9avis et sont mis \u00e0 disposition sans aucune garantie d\u2019aucune sorte, expresse ou tacite, et ne peuvent donner lieu \u00e0 un quelconque droit \u00e0 d\u00e9dommagement. Les logos sont des marques d\u00e9pos\u00e9es par ATLANTIC THERMOLAQUAGE et ses partenaires. Toute utilisation de l\u2019une quelconque des dites marques, sur quelque support que ce soit, pour quelque raison que ce soit et sous quelque forme que ce soit, ne peut \u00eatre faite sans le consentement pr\u00e9alable et \u00e9crit d\u2019ATLANTIC THERMOLAQUAGE, sous peine de contrefa\u00e7on. L\u2019Utilisateur est autoris\u00e9 \u00e0 placer sur son propre site Internet un lien hypertexte pointant vers le Site et\/ou sur les pages qu\u2019il contient, apr\u00e8s accord d\u2019ATLANTIC THERMOLAQUAGE.<\/span><\/p><p>Donn\u00e9es personnelles<\/p><p>Conform\u00e9ment \u00e0 l\u2019article 16 de la loi du 6 janvier 1978 relative \u00e0 l\u2019informatique, aux fichiers et aux libert\u00e9s, nous vous informons que la collecte de donn\u00e9es personnelles a fait l\u2019objet d\u2019une d\u00e9claration pr\u00e9alable aupr\u00e8s de la Commission Nationale de l\u2019Informatique et des Libert\u00e9s (CNIL). Lors de sa consultation, le Site collecte, \u00e0 partir de programmes (cookies) activ\u00e9s par votre propre micro-ordinateur, des donn\u00e9es sur la date, les pages consult\u00e9es, le temps de connexion.<\/p><p>Un cookie est un petit fichier informatique enregistr\u00e9 dans le disque dur de votre micro-ordinateur. Il rassemble plusieurs donn\u00e9es envoy\u00e9es \u00e0 votre navigateur par un site web. Il ne peut pas endommager les donn\u00e9es pr\u00e9sentes dans votre micro-ordinateur et vous avez la libert\u00e9 de d\u00e9sactiver cette fonction sans alt\u00e9rer votre navigation.<\/p><p>Ces cookies permettent d\u2019identifier votre micro-ordinateur et vous donnent ainsi la possibilit\u00e9 d\u2019acc\u00e9der rapidement aux informations que vous souhaitez consulter en priorit\u00e9 et de notre c\u00f4t\u00e9 d\u2019\u00e9valuer l\u2019int\u00e9r\u00eat des diff\u00e9rentes sections du Site par les Internautes. Aucune de vos donn\u00e9es personnelles ne sont communiqu\u00e9es \u00e0 des tiers, sauf avec votre autorisation expresse. Vous disposez d\u2019un droit d\u2019acc\u00e8s, de modification, de rectification et de suppression des donn\u00e9es qui vous concernent (art. 34 de la loi \u00ab Informatique et Libert\u00e9s \u00bb) aupr\u00e8s de ATLANTIC THERMOLAQUAGE.<\/p><\/div><\/div><\/div><\/div><\/div><\/div><\/div>\t\t\t\t\t\t<\/div>\n\t\t\t\t<\/div>\n\t\t\t\t\t<\/div>\n\t\t<\/div>\n\t\t\t\t\t\t\t<\/div>\n\t\t<\/section>\n\t\t\t\t\t\t\t<\/div>\n\t\t","protected":false},"excerpt":{"rendered":"<p>Responsable de publication Le site https:\/\/www.atlantic-thermolaquage.com est \u00e9dit\u00e9 par la SAS Atlantic Thermolaquage SAS au &#8230;<\/p>\n","protected":false},"author":1,"featured_media":0,"parent":0,"menu_order":0,"comment_status":"closed","ping_status":"closed","template":"","meta":{"footnotes":""},"class_list":["post-3","page","type-page","status-publish","hentry"],"_links":{"self":[{"href":"https:\/\/www.atlantic-thermolaquage.com\/index.php\/wp-json\/wp\/v2\/pages\/3","targetHints":{"allow":["GET"]}}],"collection":[{"href":"https:\/\/www.atlantic-thermolaquage.com\/index.php\/wp-json\/wp\/v2\/pages"}],"about":[{"href":"https:\/\/www.atlantic-thermolaquage.com\/index.php\/wp-json\/wp\/v2\/types\/page"}],"author":[{"embeddable":true,"href":"https:\/\/www.atlantic-thermolaquage.com\/index.php\/wp-json\/wp\/v2\/users\/1"}],"replies":[{"embeddable":true,"href":"https:\/\/www.atlantic-thermolaquage.com\/index.php\/wp-json\/wp\/v2\/comments?post=3"}],"version-history":[{"count":7,"href":"https:\/\/www.atlantic-thermolaquage.com\/index.php\/wp-json\/wp\/v2\/pages\/3\/revisions"}],"predecessor-version":[{"id":1349,"href":"https:\/\/www.atlantic-thermolaquage.com\/index.php\/wp-json\/wp\/v2\/pages\/3\/revisions\/1349"}],"wp:attachment":[{"href":"https:\/\/www.atlantic-thermolaquage.com\/index.php\/wp-json\/wp\/v2\/media?parent=3"}],"curies":[{"name":"wp","href":"https:\/\/api.w.org\/{rel}","templated":true}]}}